{"id":14,"date":"2021-09-19T14:56:40","date_gmt":"2021-09-19T11:56:40","guid":{"rendered":"http:\/\/xn--z-0ga.av.tr\/?page_id=14"},"modified":"2024-06-20T09:40:41","modified_gmt":"2024-06-20T06:40:41","slug":"hakkimda","status":"publish","type":"page","link":"https:\/\/xn--z-0ga.av.tr\/index.php\/hakkimda\/","title":{"rendered":"Hakk\u0131mda"},"content":{"rendered":"\n<div style=\"height:40px\" aria-hidden=\"true\" class=\"wp-block-spacer\"><\/div>\n\n\n<div class=\"wp-block-image\">\n<figure class=\"aligncenter size-large\"><img loading=\"lazy\" decoding=\"async\" width=\"677\" height=\"1024\" src=\"https:\/\/xn--z-0ga.av.tr\/wp-content\/uploads\/2021\/09\/WhatsApp-Image-2021-08-27-at-15.07.26-1-677x1024.jpeg\" alt=\"\" class=\"wp-image-146\" srcset=\"https:\/\/xn--z-0ga.av.tr\/wp-content\/uploads\/2021\/09\/WhatsApp-Image-2021-08-27-at-15.07.26-1-677x1024.jpeg 677w, https:\/\/xn--z-0ga.av.tr\/wp-content\/uploads\/2021\/09\/WhatsApp-Image-2021-08-27-at-15.07.26-1-198x300.jpeg 198w, https:\/\/xn--z-0ga.av.tr\/wp-content\/uploads\/2021\/09\/WhatsApp-Image-2021-08-27-at-15.07.26-1-768x1161.jpeg 768w, https:\/\/xn--z-0ga.av.tr\/wp-content\/uploads\/2021\/09\/WhatsApp-Image-2021-08-27-at-15.07.26-1-1016x1536.jpeg 1016w, https:\/\/xn--z-0ga.av.tr\/wp-content\/uploads\/2021\/09\/WhatsApp-Image-2021-08-27-at-15.07.26-1.jpeg 1058w\" sizes=\"auto, (max-width: 677px) 100vw, 677px\" \/><\/figure>\n<\/div>\n\n\n<div style=\"height:40px\" aria-hidden=\"true\" class=\"wp-block-spacer\"><\/div>\n\n\n\n<h2 class=\"wp-block-heading\">Cemil \u00d6Z<\/h2>\n\n\n\n<div style=\"height:20px\" aria-hidden=\"true\" class=\"wp-block-spacer\"><\/div>\n\n\n\n<p>1976 do\u011fumludur. \u0130zmirli bir ailenin \u00e7ocu\u011fu olarak ilk, orta, lise ve \u00fcniversite e\u011fitimini \u0130zmir ilinde tamamlam\u0131\u015ft\u0131r.<\/p>\n\n\n\n<p>S\u0131ras\u0131yla <strong>\u0130zmir Atat\u00fcrk Lisesi<\/strong>, ard\u0131ndan <strong>Dokuz Eyl\u00fcl \u00dcniversitesi Hukuk Fak\u00fcltesi<\/strong> ( Lisans &#8211; 1999); son olarak da ayn\u0131 \u00fcniversitenin <strong>Atat\u00fcrk \u0130lkeleri ve \u0130nk\u0131lap Tarihi Enstit\u00fcs\u00fc<\/strong><em>\u2019<\/em>nden ( Y\u00fcksek lisans &#8211; 2018) mezun olmu\u015ftur.<\/p>\n\n\n\n<p>2015 y\u0131l\u0131ndan itibaren <strong>\u0130zmir Barosu Atat\u00fcrk Ara\u015ft\u0131rma Merkezi<\/strong>\u2019nde 2015 \u2013 2017 aras\u0131 komisyon ba\u015fkan\u0131 ( kurucu ) ve 2017 \u2013 2018 aras\u0131 merkez m\u00fcd\u00fcr\u00fc ( kurucu ) olarak g\u00f6rev yapm\u0131\u015ft\u0131r. \u00c7al\u0131\u015fmalar\u0131nda e\u011fitsel \u00f6zellikli organizasyonlar yan\u0131nda, \u0130zmir Barosu ve bir k\u0131s\u0131m sivil toplum \u00f6rg\u00fctlerinin vekili olarak; 5816 sy <strong>Atat\u00fcrk Aleyhine \u0130\u015flenen Su\u00e7lar Hakk\u0131ndaki Kanun<\/strong>\u2019dan kaynaklanan davalarda g\u00f6rev alm\u0131\u015ft\u0131r.<\/p>\n\n\n\n<p>2019 &#8211; 2020 aras\u0131 hukuk, e\u011fitim ve organizasyon alan\u0131ndaki faaliyetlerini bir d\u00f6nem kurucu ba\u015fkan yard\u0131mc\u0131s\u0131 oldu\u011fu; <strong>\u0130zmir Avukatlar\u0131 100. Y\u0131l Derne\u011finde<\/strong> s\u00fcrd\u00fcrm\u00fc\u015ft\u00fcr.<\/p>\n\n\n\n<p>\u0130lgi ve \u00e7al\u0131\u015fma alanlar\u0131 <strong>Cumhuriyet tarihi, 5816 sy kanun uygulamalar\u0131, Jeopolitik, Organizasyon olu\u015fturma ve y\u00f6netimidir<\/strong>.<\/p>\n\n\n\n<p>Cumhuriyet de\u011ferlerine ve T\u00fcrk devriminin toplumsal hayat\u0131m\u0131za katt\u0131\u011f\u0131 \u00f6zg\u00fcrl\u00fcklere ba\u011fl\u0131, hukuk\u00e7u bir aileden gelmektedir.<\/p>\n\n\n\n<p><strong>Dedesi<\/strong>, 1930 y\u0131l\u0131nda <strong><em>gericilerin g\u00f6sterdi\u011fi vah\u015fet<\/em><\/strong> sonucu ya\u015fam\u0131n\u0131 yitiren <strong>\u00f6\u011fretmen &#8211; aste\u011fmen Kubilay <\/strong>i\u00e7in kurulan mahkemede g\u00f6rev alm\u0131\u015f; daha sonra uzun y\u0131llar \u0130zmir Adliyesi\u2019nde memur olarak \u00e7al\u0131\u015fm\u0131\u015f; emekli olduktan sonra da Bornova\u2019da dava vekilli\u011fi ( avukatl\u0131k ) yapm\u0131\u015ft\u0131r.<\/p>\n\n\n\n<p>2000 y\u0131l\u0131ndan beri kesintisiz \u015fekilde \u0130zmir Barosu\u2019na ba\u011fl\u0131 olarak serbest avukatl\u0131k yapmaktad\u0131r.<\/p>\n\n\n\n<div style=\"height:40px\" aria-hidden=\"true\" class=\"wp-block-spacer\"><\/div>\n\n\n<div class=\"wp-block-post-date\"><time datetime=\"2021-09-19T14:56:40+03:00\">19 Eyl\u00fcl 2021<\/time><\/div>\n\n\n<div style=\"height:20px\" aria-hidden=\"true\" class=\"wp-block-spacer\"><\/div>\n\n\n\n\n\n<div style=\"height:40px\" aria-hidden=\"true\" class=\"wp-block-spacer\"><\/div>\n\n\n<p class=\"has-text-align-center wp-block-site-tagline\">KEMAL\u0130ZM M\u0130LL\u0130 \u0130DEOLOJ\u0130M\u0130ZD\u0130R<\/p>\n\n\n<div style=\"height:40px\" aria-hidden=\"true\" class=\"wp-block-spacer\"><\/div>\n\n\n\n<hr class=\"wp-block-separator has-alpha-channel-opacity\"\/>\n\n\n\n<div style=\"height:20px\" aria-hidden=\"true\" class=\"wp-block-spacer\"><\/div>\n\n\n\n<div class=\"wp-block-buttons is-content-justification-center is-layout-flex wp-container-core-buttons-is-layout-16018d1d wp-block-buttons-is-layout-flex\">\n<div class=\"wp-block-button\"><a class=\"wp-block-button__link has-vivid-cyan-blue-color has-text-color wp-element-button\" href=\"https:\/\/xn--z-0ga.av.tr\/index.php\/2022\/05\/28\/enstitu\/\" target=\"_blank\" rel=\"noreferrer noopener\">ENST\u0130T\u00dc<\/a><\/div>\n\n\n\n<div class=\"wp-block-button\"><a class=\"wp-block-button__link has-vivid-cyan-blue-color has-text-color wp-element-button\" href=\"https:\/\/xn--z-0ga.av.tr\/index.php\/2022\/08\/26\/istiklalin-yolu\/\" target=\"_blank\" rel=\"noreferrer noopener\">\u0130ST\u0130KLAL\u0130N YOLU<\/a><\/div>\n\n\n\n<div class=\"wp-block-button\"><a class=\"wp-block-button__link has-vivid-cyan-blue-color has-text-color wp-element-button\" href=\"https:\/\/xn--z-0ga.av.tr\/index.php\/2022\/01\/29\/cumhuriyetci-avukatlar-grubu-2\/\" target=\"_blank\" rel=\"noreferrer noopener\">CUMHUR\u0130YET\u00c7\u0130 AVUKATLAR GRUBU<\/a><\/div>\n\n\n\n<div class=\"wp-block-button\"><a class=\"wp-block-button__link has-vivid-cyan-blue-color has-text-color wp-element-button\" href=\"https:\/\/xn--z-0ga.av.tr\/index.php\/2019\/12\/23\/herkes-aslina-rucu-eder\/\" target=\"_blank\" rel=\"noreferrer noopener\">HERKES R\u00dcCU EDER ASLINA<\/a><\/div>\n\n\n\n<div class=\"wp-block-button\"><a class=\"wp-block-button__link has-vivid-cyan-blue-color has-text-color wp-element-button\" href=\"https:\/\/xn--z-0ga.av.tr\/index.php\/2020\/10\/29\/29-ekim-ozel-canli-yayini\/\" target=\"_blank\" rel=\"noreferrer noopener\">29 EK\u0130M \u00d6ZEL CANLI YAYINI<\/a><\/div>\n\n\n\n<div class=\"wp-block-button\"><a class=\"wp-block-button__link has-vivid-cyan-blue-color has-text-color wp-element-button\" href=\"https:\/\/xn--z-0ga.av.tr\/index.php\/2020\/04\/22\/izmir-barosu-yonetimi-kiniyoruz\/\" target=\"_blank\" rel=\"noreferrer noopener\">\u0130ZM\u0130R BAROSU Y\u00d6NET\u0130M\u0130N\u0130 KINIYORUZ<\/a><\/div>\n\n\n\n<div class=\"wp-block-button\"><a class=\"wp-block-button__link has-vivid-cyan-blue-color has-text-color wp-element-button\" href=\"https:\/\/xn--z-0ga.av.tr\/index.php\/2020\/07\/28\/diyanet-isleri-baskani-ali-erbas-hakkinda-suc-duyurusu\/\" target=\"_blank\" rel=\"noreferrer noopener\">D\u0130YANET \u0130\u015eLER\u0130 BA\u015eKANI AL\u0130 ERBA\u015e HAKKINDA SU\u00c7 DUYURUSU<\/a><\/div>\n\n\n\n<div class=\"wp-block-button\"><a class=\"wp-block-button__link has-vivid-cyan-blue-color has-text-color wp-element-button\" href=\"https:\/\/xn--z-0ga.av.tr\/index.php\/2021\/05\/19\/15-mayistan-19-mayisa\/\" target=\"_blank\" rel=\"noreferrer noopener\">15 MAYIS\u2019TAN 19 MAYIS\u2019A<\/a><\/div>\n\n\n\n<div class=\"wp-block-button\"><a class=\"wp-block-button__link has-vivid-cyan-blue-color has-text-color wp-element-button\" href=\"https:\/\/xn--z-0ga.av.tr\/index.php\/2020\/05\/19\/19-05-2020-ataturkun-samsuna-cikisinin-101-yil-donumunde-5816-sy-yasa-hakkinda-soylesi\/\" target=\"_blank\" rel=\"noreferrer noopener\">19.05.2020 \/ Atat\u00fcrk\u2019\u00fcn Samsun\u2019a \u00c7\u0131k\u0131\u015f\u0131n\u0131n 101. y\u0131l d\u00f6n\u00fcm\u00fcnde 5816 Sy. Yasa Hakk\u0131nda S\u00f6yle\u015fi<\/a><\/div>\n\n\n\n<div class=\"wp-block-button\"><a class=\"wp-block-button__link has-vivid-cyan-blue-color has-text-color wp-element-button\" href=\"https:\/\/xn--z-0ga.av.tr\/index.php\/2020\/06\/19\/ergun-aybars-hocamla-guzel-bir-ani\/\" target=\"_blank\" rel=\"noreferrer noopener\">ERG\u00dcN AYBARS HOCAMLA G\u00dcZEL B\u0130R ANI<\/a><\/div>\n\n\n\n<div class=\"wp-block-button\"><a class=\"wp-block-button__link has-vivid-cyan-blue-color has-text-color wp-element-button\" href=\"https:\/\/xn--z-0ga.av.tr\/index.php\/2021\/11\/30\/cumhuriyetci-avukatlar-grubu\/\" target=\"_blank\" rel=\"noreferrer noopener\">CUMHUR\u0130YET\u00c7\u0130 AVUKATLAR GRUBU<\/a><\/div>\n\n\n\n<div class=\"wp-block-button\"><a class=\"wp-block-button__link has-vivid-cyan-blue-color has-text-color wp-element-button\" href=\"https:\/\/xn--z-0ga.av.tr\/index.php\/2019\/12\/21\/diploma\/\" target=\"_blank\" rel=\"noreferrer noopener\">D\u0130PLOMA<\/a><\/div>\n\n\n\n<div class=\"wp-block-button\"><a class=\"wp-block-button__link has-vivid-cyan-blue-color has-text-color wp-element-button\" href=\"https:\/\/xn--z-0ga.av.tr\/index.php\/2022\/04\/06\/ergun-aybars-hocamla-guzel-bir-ani-2\/\" target=\"_blank\" rel=\"noreferrer noopener\">ERG\u00dcN AYBARS HOCAMLA G\u00dcZEL B\u0130R ANI \u2013 2 \u2013<\/a><\/div>\n\n\n\n<div class=\"wp-block-button\"><a class=\"wp-block-button__link has-vivid-cyan-blue-color has-text-color wp-element-button\" href=\"https:\/\/xn--z-0ga.av.tr\/index.php\/2020\/11\/10\/10-11-2020-ataturku-anmak-kemalizmi-anlamaktir\/\" target=\"_blank\" rel=\"noreferrer noopener\">10.11.2020 \u2013 KEMAL\u0130ZM\u2019\u0130 ANLAMAK, ATAT\u00dcRK\u2019\u00dc ANMAKTIR<\/a><\/div>\n\n\n\n<div class=\"wp-block-button\"><a class=\"wp-block-button__link has-vivid-cyan-blue-color has-text-color wp-element-button\" href=\"https:\/\/xn--z-0ga.av.tr\/index.php\/2020\/01\/10\/karl-markstan-alintilar-yapan-baro-baskani\/\" target=\"_blank\" rel=\"noreferrer noopener\">KARL MARKS\u2019TAN ALINTILAR YAPAN BARO BA\u015eKANI<\/a><\/div>\n\n\n\n<div class=\"wp-block-button\"><a class=\"wp-block-button__link has-vivid-cyan-blue-color has-text-color wp-element-button\" href=\"https:\/\/xn--z-0ga.av.tr\/index.php\/2020\/11\/09\/mason-baba-cemil\/\" target=\"_blank\" rel=\"noreferrer noopener\">MASON BABA CEM\u0130L<\/a><\/div>\n\n\n\n<div class=\"wp-block-button\"><a class=\"wp-block-button__link has-vivid-cyan-blue-color has-text-color wp-element-button\" href=\"https:\/\/xn--z-0ga.av.tr\/index.php\/2022\/05\/15\/add-hildesheim-canli-izmirin-isgali\/\" target=\"_blank\" rel=\"noreferrer noopener\">ADD Hildesheim (CANLI) \/ \u0130ZM\u0130R\u2019\u0130N \u0130\u015eGAL\u0130<\/a><\/div>\n\n\n\n<div class=\"wp-block-button\"><a class=\"wp-block-button__link has-vivid-cyan-blue-color has-text-color wp-element-button\" href=\"https:\/\/xn--z-0ga.av.tr\/index.php\/2019\/04\/22\/ataturk-korunmaya-muhtac-degildir\/\" target=\"_blank\" rel=\"noreferrer noopener\">Yanda\u015f medyada Atat\u00fcrk Aleyhine \u0130\u015flenen Su\u00e7lar Hakk\u0131nda Kanun s\u00f6yle\u015fisi<\/a><\/div>\n\n\n\n<div class=\"wp-block-button\"><a class=\"wp-block-button__link has-vivid-cyan-blue-color has-text-color wp-element-button\" href=\"https:\/\/xn--z-0ga.av.tr\/index.php\/2022\/05\/22\/19-mayisa-sansur\/\" target=\"_blank\" rel=\"noreferrer noopener\">19 MAYIS\u2019A SANS\u00dcR<\/a><\/div>\n\n\n\n<div class=\"wp-block-button\"><a class=\"wp-block-button__link has-vivid-cyan-blue-color has-text-color wp-element-button\" href=\"https:\/\/xn--z-0ga.av.tr\/index.php\/2019\/05\/18\/hukuk-devleti-nedir\/\" target=\"_blank\" rel=\"noreferrer noopener\">HUKUK DEVLET\u0130 NED\u0130R ?<\/a><\/div>\n\n\n\n<div class=\"wp-block-button\"><a class=\"wp-block-button__link has-vivid-cyan-blue-color has-text-color wp-element-button\" href=\"https:\/\/xn--z-0ga.av.tr\/index.php\/2019\/05\/18\/ataturk-ilke-ve-devrimlerinden-yana-acikca-tarafiz\/\" target=\"_blank\" rel=\"noreferrer noopener\">ATAT\u00dcRK \u0130LKE VE DEVR\u0130MLER\u0130NDEN YANA A\u00c7IK\u00c7A TARAFIZ<\/a><\/div>\n\n\n\n<div class=\"wp-block-button\"><a class=\"wp-block-button__link has-vivid-cyan-blue-color has-text-color wp-element-button\" href=\"https:\/\/xn--z-0ga.av.tr\/index.php\/2019\/07\/10\/bu-topraklarda-mustafa-kemaller-yenilmez-2\/\" target=\"_blank\" rel=\"noreferrer noopener\">BU TOPRAKLARDA MUSTAFA KEMALLER YEN\u0130LMEZ<\/a><\/div>\n\n\n\n<div class=\"wp-block-button\"><a class=\"wp-block-button__link has-vivid-cyan-blue-color has-text-color wp-element-button\" href=\"https:\/\/xn--z-0ga.av.tr\/index.php\/2020\/05\/17\/1881-dernegi-ile-5816-sy-ataturk-aleyhine-islenen-suclar-hakkinda-kanun-soylesisi\/\" target=\"_blank\" rel=\"noreferrer noopener\">1881 Derne\u011fi ile 5816 Sy Atat\u00fcrk Aleyhine \u0130\u015flenen Su\u00e7lar Hakk\u0131nda Kanun S\u00f6yle\u015fisi<\/a><\/div>\n\n\n\n<div class=\"wp-block-button\"><a class=\"wp-block-button__link has-vivid-cyan-blue-color has-text-color wp-element-button\" href=\"https:\/\/xn--z-0ga.av.tr\/index.php\/2015\/11\/06\/erkan-tan\/\" target=\"_blank\" rel=\"noreferrer noopener\">ERKAN TAN<\/a><\/div>\n\n\n\n<div class=\"wp-block-button\"><a class=\"wp-block-button__link has-vivid-cyan-blue-color has-text-color wp-element-button\" href=\"https:\/\/xn--z-0ga.av.tr\/index.php\/2019\/07\/10\/bu-topraklarda-mustafa-kemaller-yenilmez-2\/\" target=\"_blank\" rel=\"noreferrer noopener\">BU TOPRAKLARDA MUSTAFA KEMALLER YEN\u0130LMEZ<\/a><\/div>\n\n\n\n<div class=\"wp-block-button\"><a class=\"wp-block-button__link has-vivid-cyan-blue-color has-text-color wp-element-button\" href=\"https:\/\/xn--z-0ga.av.tr\/index.php\/2019\/04\/24\/dunyanin-en-buyuk-ailesi\/\" target=\"_blank\" rel=\"noreferrer noopener\">D\u00dcNYANIN EN B\u00dcY\u00dcK A\u0130LES\u0130<\/a><\/div>\n\n\n\n<div class=\"wp-block-button\"><a class=\"wp-block-button__link has-vivid-cyan-blue-color has-text-color wp-element-button\" href=\"https:\/\/xn--z-0ga.av.tr\/index.php\/2022\/10\/22\/2022-yili-izmir-barosu-olagan-genel-kurulunda-yasanan-arbede-sonrasi-yaptigim-konusma\/\" target=\"_blank\" rel=\"noreferrer noopener\">2022 Y\u0131l\u0131 \u0130zmir Barosu Genel Kurulunda Arbede<\/a><\/div>\n\n\n\n<div class=\"wp-block-button\"><a class=\"wp-block-button__link has-vivid-cyan-blue-color has-text-color wp-element-button\" href=\"https:\/\/xn--z-0ga.av.tr\/index.php\/2022\/05\/17\/19-mayisa-dogru-ozel-canli-yayin\/\" target=\"_blank\" rel=\"noreferrer noopener\">\u201c19 MAYIS\u2019A DO\u011eRU\u201d \u00d6ZEL CANLI YAYIN<\/a><\/div>\n\n\n\n<div class=\"wp-block-button\"><a class=\"wp-block-button__link has-vivid-cyan-blue-color has-text-color wp-element-button\" href=\"https:\/\/xn--z-0ga.av.tr\/index.php\/2023\/02\/17\/imar-affi-cinayettir-ozel-canli-yayin\/\" target=\"_blank\" rel=\"noreferrer noopener\">\u0130MAR AFFI C\u0130NAYETT\u0130R \u2013 \u00d6ZEL CANLI YAYIN<\/a><\/div>\n\n\n\n<div class=\"wp-block-button\"><a class=\"wp-block-button__link has-vivid-cyan-blue-color has-text-color wp-element-button\" href=\"https:\/\/xn--z-0ga.av.tr\/index.php\/2022\/10\/26\/sansru-yasasi-ve-izmir-barosu-secimleri-ozel-canli-yayin\/\" target=\"_blank\" rel=\"noreferrer noopener\">SANS\u00dcR YASASI VE \u0130ZM\u0130R BAROSU SE\u00c7\u0130MLER\u0130 \u2013 \u00d6ZEL CANLI YAYIN<\/a><\/div>\n\n\n<\/div>\n\n\n\n<div style=\"height:20px\" aria-hidden=\"true\" class=\"wp-block-spacer\"><\/div>\n\n\n\n<hr class=\"wp-block-separator has-alpha-channel-opacity\"\/>\n\n\n\n<div style=\"height:20px\" aria-hidden=\"true\" class=\"wp-block-spacer\"><\/div>\n\n\n<p class=\"wp-block-tag-cloud\"><a href=\"https:\/\/xn--z-0ga.av.tr\/index.php\/tag\/5816\/\" class=\"tag-cloud-link tag-link-31 tag-link-position-1\" style=\"font-size: 14.907894736842pt;\" aria-label=\"5816 (16 \u00f6ge)\">5816<\/a>\n<a href=\"https:\/\/xn--z-0ga.av.tr\/index.php\/tag\/anma\/\" class=\"tag-cloud-link tag-link-44 tag-link-position-2\" style=\"font-size: 19.605263157895pt;\" aria-label=\"Anma (54 \u00f6ge)\">Anma<\/a>\n<a href=\"https:\/\/xn--z-0ga.av.tr\/index.php\/tag\/ataturk\/\" class=\"tag-cloud-link tag-link-33 tag-link-position-3\" style=\"font-size: 18.5pt;\" aria-label=\"Atat\u00fcrk (41 \u00f6ge)\">Atat\u00fcrk<\/a>\n<a href=\"https:\/\/xn--z-0ga.av.tr\/index.php\/tag\/basucu-kitaplari\/\" class=\"tag-cloud-link tag-link-39 tag-link-position-4\" style=\"font-size: 10.763157894737pt;\" aria-label=\"Ba\u015fucu Kitaplar\u0131 (5 \u00f6ge)\">Ba\u015fucu Kitaplar\u0131<\/a>\n<a href=\"https:\/\/xn--z-0ga.av.tr\/index.php\/tag\/cemil-oz\/\" class=\"tag-cloud-link tag-link-29 tag-link-position-5\" style=\"font-size: 19.881578947368pt;\" aria-label=\"Cemil \u00d6Z (58 \u00f6ge)\">Cemil \u00d6Z<\/a>\n<a href=\"https:\/\/xn--z-0ga.av.tr\/index.php\/tag\/chp\/\" class=\"tag-cloud-link tag-link-30 tag-link-position-6\" style=\"font-size: 14.447368421053pt;\" aria-label=\"CHP (14 \u00f6ge)\">CHP<\/a>\n<a href=\"https:\/\/xn--z-0ga.av.tr\/index.php\/tag\/cumhuriyetcilik\/\" class=\"tag-cloud-link tag-link-34 tag-link-position-7\" style=\"font-size: 15.552631578947pt;\" aria-label=\"Cumhuriyet\u00e7ilik (19 \u00f6ge)\">Cumhuriyet\u00e7ilik<\/a>\n<a href=\"https:\/\/xn--z-0ga.av.tr\/index.php\/tag\/devletcilik\/\" class=\"tag-cloud-link tag-link-49 tag-link-position-8\" style=\"font-size: 9.1052631578947pt;\" aria-label=\"Devlet\u00e7ilik (3 \u00f6ge)\">Devlet\u00e7ilik<\/a>\n<a href=\"https:\/\/xn--z-0ga.av.tr\/index.php\/tag\/devrimcilik\/\" class=\"tag-cloud-link tag-link-55 tag-link-position-9\" style=\"font-size: 9.1052631578947pt;\" aria-label=\"Devrimcilik (3 \u00f6ge)\">Devrimcilik<\/a>\n<a href=\"https:\/\/xn--z-0ga.av.tr\/index.php\/tag\/diyanet-isleri-baskanligi\/\" class=\"tag-cloud-link tag-link-16 tag-link-position-10\" style=\"font-size: 14.171052631579pt;\" aria-label=\"Diyanet \u0130\u015fleri Ba\u015fkanl\u0131\u011f\u0131 (13 \u00f6ge)\">Diyanet \u0130\u015fleri Ba\u015fkanl\u0131\u011f\u0131<\/a>\n<a href=\"https:\/\/xn--z-0ga.av.tr\/index.php\/tag\/ermeni-mezalimi\/\" class=\"tag-cloud-link tag-link-22 tag-link-position-11\" style=\"font-size: 10.763157894737pt;\" aria-label=\"Ermeni Mezalimi (5 \u00f6ge)\">Ermeni Mezalimi<\/a>\n<a href=\"https:\/\/xn--z-0ga.av.tr\/index.php\/tag\/halkcilik\/\" class=\"tag-cloud-link tag-link-24 tag-link-position-12\" style=\"font-size: 13.157894736842pt;\" aria-label=\"Halk\u00e7\u0131l\u0131k (10 \u00f6ge)\">Halk\u00e7\u0131l\u0131k<\/a>\n<a href=\"https:\/\/xn--z-0ga.av.tr\/index.php\/tag\/hukuk\/\" class=\"tag-cloud-link tag-link-14 tag-link-position-13\" style=\"font-size: 18.868421052632pt;\" aria-label=\"Hukuk (45 \u00f6ge)\">Hukuk<\/a>\n<a href=\"https:\/\/xn--z-0ga.av.tr\/index.php\/tag\/kemalin-askerleri\/\" class=\"tag-cloud-link tag-link-12 tag-link-position-14\" style=\"font-size: 13.157894736842pt;\" aria-label=\"Kemalin Askerleri (10 \u00f6ge)\">Kemalin Askerleri<\/a>\n<a href=\"https:\/\/xn--z-0ga.av.tr\/index.php\/tag\/kemalizm\/\" class=\"tag-cloud-link tag-link-23 tag-link-position-15\" style=\"font-size: 22pt;\" aria-label=\"Kemalizm (100 \u00f6ge)\">Kemalizm<\/a>\n<a href=\"https:\/\/xn--z-0ga.av.tr\/index.php\/tag\/laiklik\/\" class=\"tag-cloud-link tag-link-9 tag-link-position-16\" style=\"font-size: 17.486842105263pt;\" aria-label=\"Laiklik (31 \u00f6ge)\">Laiklik<\/a>\n<a href=\"https:\/\/xn--z-0ga.av.tr\/index.php\/tag\/megali-idea\/\" class=\"tag-cloud-link tag-link-21 tag-link-position-17\" style=\"font-size: 15.552631578947pt;\" aria-label=\"Megali \u0130dea (19 \u00f6ge)\">Megali \u0130dea<\/a>\n<a href=\"https:\/\/xn--z-0ga.av.tr\/index.php\/tag\/prof-dr-anil-cecen\/\" class=\"tag-cloud-link tag-link-51 tag-link-position-18\" style=\"font-size: 8pt;\" aria-label=\"Prof. Dr. An\u0131l \u00c7E\u00c7EN (2 \u00f6ge)\">Prof. Dr. An\u0131l \u00c7E\u00c7EN<\/a>\n<a href=\"https:\/\/xn--z-0ga.av.tr\/index.php\/tag\/ergun-aybars\/\" class=\"tag-cloud-link tag-link-43 tag-link-position-19\" style=\"font-size: 13.157894736842pt;\" aria-label=\"Prof. Dr. Erg\u00fcn AYBARS (10 \u00f6ge)\">Prof. Dr. Erg\u00fcn AYBARS<\/a>\n<a href=\"https:\/\/xn--z-0ga.av.tr\/index.php\/tag\/tarih\/\" class=\"tag-cloud-link tag-link-18 tag-link-position-20\" style=\"font-size: 18.868421052632pt;\" aria-label=\"Tarih (45 \u00f6ge)\">Tarih<\/a>\n<a href=\"https:\/\/xn--z-0ga.av.tr\/index.php\/tag\/turgut-ozakman\/\" class=\"tag-cloud-link tag-link-11 tag-link-position-21\" style=\"font-size: 10.026315789474pt;\" aria-label=\"Turgut \u00d6zakman (4 \u00f6ge)\">Turgut \u00d6zakman<\/a>\n<a href=\"https:\/\/xn--z-0ga.av.tr\/index.php\/tag\/turk-modernlesmesi\/\" class=\"tag-cloud-link tag-link-27 tag-link-position-22\" style=\"font-size: 15.736842105263pt;\" aria-label=\"T\u00fcrk Modernle\u015fmesi (20 \u00f6ge)\">T\u00fcrk Modernle\u015fmesi<\/a>\n<a href=\"https:\/\/xn--z-0ga.av.tr\/index.php\/tag\/turk-istiklal-harbi\/\" class=\"tag-cloud-link tag-link-54 tag-link-position-23\" style=\"font-size: 17.486842105263pt;\" aria-label=\"T\u00fcrk \u0130stiklal Harbi (31 \u00f6ge)\">T\u00fcrk \u0130stiklal Harbi<\/a>\n<a href=\"https:\/\/xn--z-0ga.av.tr\/index.php\/tag\/ulusculuk\/\" class=\"tag-cloud-link tag-link-40 tag-link-position-24\" style=\"font-size: 18.131578947368pt;\" aria-label=\"Ulus\u00e7uluk (37 \u00f6ge)\">Ulus\u00e7uluk<\/a>\n<a href=\"https:\/\/xn--z-0ga.av.tr\/index.php\/tag\/izmir\/\" class=\"tag-cloud-link tag-link-7 tag-link-position-25\" style=\"font-size: 15.921052631579pt;\" aria-label=\"\u0130zmir (21 \u00f6ge)\">\u0130zmir<\/a>\n<a href=\"https:\/\/xn--z-0ga.av.tr\/index.php\/tag\/izmirin-isgali\/\" class=\"tag-cloud-link tag-link-19 tag-link-position-26\" style=\"font-size: 14.447368421053pt;\" aria-label=\"\u0130zmir&#039;in \u0130\u015fgali (14 \u00f6ge)\">\u0130zmir&#039;in \u0130\u015fgali<\/a>\n<a href=\"https:\/\/xn--z-0ga.av.tr\/index.php\/tag\/izmir-barosu\/\" class=\"tag-cloud-link tag-link-41 tag-link-position-27\" style=\"font-size: 18.039473684211pt;\" aria-label=\"\u0130zmir Barosu (36 \u00f6ge)\">\u0130zmir Barosu<\/a><\/p>\n\n\n<div style=\"height:20px\" aria-hidden=\"true\" class=\"wp-block-spacer\"><\/div>\n\n\n\n<hr class=\"wp-block-separator has-alpha-channel-opacity\"\/>\n\n\n\n<div style=\"height:20px\" aria-hidden=\"true\" class=\"wp-block-spacer\"><\/div>\n\n\n\n<div class=\"wp-block-group alignfull has-text-color has-background\" style=\"color:#000000;background-color:#ffffff\"><div class=\"wp-block-group__inner-container is-layout-flow wp-block-group-is-layout-flow\">\n<h1 class=\"wp-block-heading has-text-align-center\" id=\"schedule-a-visit\" style=\"font-size:22px;line-height:1.15\">Di\u011fer Yaz\u0131lar \u0130\u00e7in<\/h1>\n\n\n\n<div class=\"wp-block-buttons is-horizontal is-content-justification-center is-layout-flex wp-container-core-buttons-is-layout-499968f5 wp-block-buttons-is-layout-flex\">\n<div class=\"wp-block-button has-custom-width wp-block-button__width-100 is-style-outline is-style-outline--1\" id=\"www.\u0130ST\u0130KLAL\u0130N-YOLU\"><a class=\"wp-block-button__link has-text-color has-background wp-element-button\" href=\"https:\/\/xn--z-0ga.av.tr\/index.php\/yazilar\/\" style=\"border-radius:87px;color:#ffffff;background:radial-gradient(rgb(20,53,72) 0%,rgb(148,34,34) 37%,rgb(155,81,224) 100%)\" target=\"_blank\" rel=\"noreferrer noopener\">T\u0131klay\u0131n\u0131z<\/a><\/div>\n<\/div>\n<\/div><\/div>\n\n\n\n<div style=\"height:20px\" aria-hidden=\"true\" class=\"wp-block-spacer\"><\/div>\n\n\n\n<hr class=\"wp-block-separator has-alpha-channel-opacity\"\/>\n\n\n\n<div style=\"height:40px\" aria-hidden=\"true\" class=\"wp-block-spacer\"><\/div>\n","protected":false},"excerpt":{"rendered":"<p>Cemil \u00d6Z 1976 do\u011fumludur. \u0130zmirli bir ailenin \u00e7ocu\u011fu olarak ilk, orta, lise ve \u00fcniversite e\u011fitimini \u0130zmir ilinde tamamlam\u0131\u015ft\u0131r. S\u0131ras\u0131yla \u0130zmir Atat\u00fcrk Lisesi, ard\u0131ndan Dokuz Eyl\u00fcl \u00dcniversitesi Hukuk Fak\u00fcltesi ( Lisans &#8211; 1999); son olarak da ayn\u0131 \u00fcniversitenin Atat\u00fcrk \u0130lkeleri ve \u0130nk\u0131lap Tarihi Enstit\u00fcs\u00fc\u2019nden ( Y\u00fcksek lisans &#8211; 2018) mezun olmu\u015ftur. 2015 y\u0131l\u0131ndan itibaren \u0130zmir Barosu Atat\u00fcrk Ara\u015ft\u0131rma Merkezi\u2019nde 2015 \u2013 2017 aras\u0131 komisyon ba\u015fkan\u0131 ( kurucu ) ve 2017 \u2013 2018 aras\u0131 merkez m\u00fcd\u00fcr\u00fc ( kurucu ) olarak g\u00f6rev yapm\u0131\u015ft\u0131r. \u00c7al\u0131\u015fmalar\u0131nda e\u011fitsel \u00f6zellikli organizasyonlar yan\u0131nda, \u0130zmir Barosu ve bir k\u0131s\u0131m sivil toplum \u00f6rg\u00fctlerinin vekili olarak; 5816 sy Atat\u00fcrk Aleyhine \u0130\u015flenen Su\u00e7lar Hakk\u0131ndaki Kanun\u2019dan kaynaklanan davalarda g\u00f6rev alm\u0131\u015ft\u0131r. 2019 &#8211; 2020 aras\u0131 hukuk, e\u011fitim ve organizasyon alan\u0131ndaki faaliyetlerini bir d\u00f6nem kurucu ba\u015fkan yard\u0131mc\u0131s\u0131 oldu\u011fu; \u0130zmir Avukatlar\u0131 100. Y\u0131l Derne\u011finde s\u00fcrd\u00fcrm\u00fc\u015ft\u00fcr. \u0130lgi ve \u00e7al\u0131\u015fma alanlar\u0131 Cumhuriyet tarihi, 5816 sy kanun uygulamalar\u0131, Jeopolitik, Organizasyon olu\u015fturma ve y\u00f6netimidir. Cumhuriyet de\u011ferlerine ve T\u00fcrk devriminin toplumsal hayat\u0131m\u0131za katt\u0131\u011f\u0131 \u00f6zg\u00fcrl\u00fcklere ba\u011fl\u0131, hukuk\u00e7u bir aileden gelmektedir. Dedesi, 1930 y\u0131l\u0131nda gericilerin g\u00f6sterdi\u011fi vah\u015fet sonucu ya\u015fam\u0131n\u0131 yitiren \u00f6\u011fretmen &#8211; aste\u011fmen Kubilay i\u00e7in kurulan mahkemede g\u00f6rev alm\u0131\u015f; daha sonra uzun y\u0131llar \u0130zmir Adliyesi\u2019nde memur olarak \u00e7al\u0131\u015fm\u0131\u015f; emekli olduktan sonra da Bornova\u2019da dava vekilli\u011fi ( avukatl\u0131k ) yapm\u0131\u015ft\u0131r. 2000 y\u0131l\u0131ndan beri kesintisiz \u015fekilde \u0130zmir Barosu\u2019na ba\u011fl\u0131 olarak serbest avukatl\u0131k yapmaktad\u0131r. Di\u011fer Yaz\u0131lar \u0130\u00e7in<\/p>\n","protected":false},"author":1,"featured_media":0,"parent":0,"menu_order":0,"comment_status":"closed","ping_status":"closed","template":"","meta":{"om_disable_all_campaigns":false,"_monsterinsights_skip_tracking":false,"_monsterinsights_sitenote_active":false,"_monsterinsights_sitenote_note":"","_monsterinsights_sitenote_category":0,"footnotes":""},"class_list":["post-14","page","type-page","status-publish","hentry"],"aioseo_notices":[],"jetpack_sharing_enabled":true,"_links":{"self":[{"href":"https:\/\/xn--z-0ga.av.tr\/index.php\/wp-json\/wp\/v2\/pages\/14","targetHints":{"allow":["GET"]}}],"collection":[{"href":"https:\/\/xn--z-0ga.av.tr\/index.php\/wp-json\/wp\/v2\/pages"}],"about":[{"href":"https:\/\/xn--z-0ga.av.tr\/index.php\/wp-json\/wp\/v2\/types\/page"}],"author":[{"embeddable":true,"href":"https:\/\/xn--z-0ga.av.tr\/index.php\/wp-json\/wp\/v2\/users\/1"}],"replies":[{"embeddable":true,"href":"https:\/\/xn--z-0ga.av.tr\/index.php\/wp-json\/wp\/v2\/comments?post=14"}],"version-history":[{"count":1,"href":"https:\/\/xn--z-0ga.av.tr\/index.php\/wp-json\/wp\/v2\/pages\/14\/revisions"}],"predecessor-version":[{"id":12804,"href":"https:\/\/xn--z-0ga.av.tr\/index.php\/wp-json\/wp\/v2\/pages\/14\/revisions\/12804"}],"wp:attachment":[{"href":"https:\/\/xn--z-0ga.av.tr\/index.php\/wp-json\/wp\/v2\/media?parent=14"}],"curies":[{"name":"wp","href":"https:\/\/api.w.org\/{rel}","templated":true}]}}