{"id":16,"date":"2021-09-19T14:56:40","date_gmt":"2021-09-19T11:56:40","guid":{"rendered":"http:\/\/xn--z-0ga.av.tr\/?page_id=16"},"modified":"2023-11-07T18:18:27","modified_gmt":"2023-11-07T15:18:27","slug":"iletisim","status":"publish","type":"page","link":"https:\/\/xn--z-0ga.av.tr\/index.php\/iletisim\/","title":{"rendered":"\u0130leti\u015fim"},"content":{"rendered":"\n<div style=\"height:40px\" aria-hidden=\"true\" class=\"wp-block-spacer\"><\/div>\n\n\n\n<p>G\u00f6r\u00fc\u015f, \u00f6neri, dilek ve ele\u015ftirileriniz i\u00e7in<\/p>\n\n\n\n<p>Elektronik posta adresi : <strong>avcemiloz@gmail.com<\/strong><\/p>\n\n\n\n<div style=\"height:40px\" aria-hidden=\"true\" class=\"wp-block-spacer\"><\/div>\n\n\n\n<hr class=\"wp-block-separator has-css-opacity\"\/>\n\n\n\n<div style=\"height:40px\" aria-hidden=\"true\" class=\"wp-block-spacer\"><\/div>\n\n\n<p class=\"has-text-align-center wp-block-site-tagline\">KEMAL\u0130ZM M\u0130LL\u0130 \u0130DEOLOJ\u0130M\u0130ZD\u0130R<\/p>\n\n\n<div style=\"height:40px\" aria-hidden=\"true\" class=\"wp-block-spacer\"><\/div>\n\n\n\n<hr class=\"wp-block-separator has-alpha-channel-opacity\"\/>\n\n\n\n<div style=\"height:20px\" aria-hidden=\"true\" class=\"wp-block-spacer\"><\/div>\n\n\n<p class=\"wp-block-tag-cloud\"><a href=\"https:\/\/xn--z-0ga.av.tr\/index.php\/tag\/5816\/\" class=\"tag-cloud-link tag-link-31 tag-link-position-1\" style=\"font-size: 14.907894736842pt;\" aria-label=\"5816 (16 \u00f6ge)\">5816<\/a>\n<a href=\"https:\/\/xn--z-0ga.av.tr\/index.php\/tag\/anma\/\" class=\"tag-cloud-link tag-link-44 tag-link-position-2\" style=\"font-size: 19.605263157895pt;\" aria-label=\"Anma (54 \u00f6ge)\">Anma<\/a>\n<a href=\"https:\/\/xn--z-0ga.av.tr\/index.php\/tag\/ataturk\/\" class=\"tag-cloud-link tag-link-33 tag-link-position-3\" style=\"font-size: 18.5pt;\" aria-label=\"Atat\u00fcrk (41 \u00f6ge)\">Atat\u00fcrk<\/a>\n<a href=\"https:\/\/xn--z-0ga.av.tr\/index.php\/tag\/basucu-kitaplari\/\" class=\"tag-cloud-link tag-link-39 tag-link-position-4\" style=\"font-size: 10.763157894737pt;\" aria-label=\"Ba\u015fucu Kitaplar\u0131 (5 \u00f6ge)\">Ba\u015fucu Kitaplar\u0131<\/a>\n<a href=\"https:\/\/xn--z-0ga.av.tr\/index.php\/tag\/cemil-oz\/\" class=\"tag-cloud-link tag-link-29 tag-link-position-5\" style=\"font-size: 19.881578947368pt;\" aria-label=\"Cemil \u00d6Z (58 \u00f6ge)\">Cemil \u00d6Z<\/a>\n<a href=\"https:\/\/xn--z-0ga.av.tr\/index.php\/tag\/chp\/\" class=\"tag-cloud-link tag-link-30 tag-link-position-6\" style=\"font-size: 14.447368421053pt;\" aria-label=\"CHP (14 \u00f6ge)\">CHP<\/a>\n<a href=\"https:\/\/xn--z-0ga.av.tr\/index.php\/tag\/cumhuriyetcilik\/\" class=\"tag-cloud-link tag-link-34 tag-link-position-7\" style=\"font-size: 15.552631578947pt;\" aria-label=\"Cumhuriyet\u00e7ilik (19 \u00f6ge)\">Cumhuriyet\u00e7ilik<\/a>\n<a href=\"https:\/\/xn--z-0ga.av.tr\/index.php\/tag\/devletcilik\/\" class=\"tag-cloud-link tag-link-49 tag-link-position-8\" style=\"font-size: 9.1052631578947pt;\" aria-label=\"Devlet\u00e7ilik (3 \u00f6ge)\">Devlet\u00e7ilik<\/a>\n<a href=\"https:\/\/xn--z-0ga.av.tr\/index.php\/tag\/devrimcilik\/\" class=\"tag-cloud-link tag-link-55 tag-link-position-9\" style=\"font-size: 9.1052631578947pt;\" aria-label=\"Devrimcilik (3 \u00f6ge)\">Devrimcilik<\/a>\n<a href=\"https:\/\/xn--z-0ga.av.tr\/index.php\/tag\/diyanet-isleri-baskanligi\/\" class=\"tag-cloud-link tag-link-16 tag-link-position-10\" style=\"font-size: 14.171052631579pt;\" aria-label=\"Diyanet \u0130\u015fleri Ba\u015fkanl\u0131\u011f\u0131 (13 \u00f6ge)\">Diyanet \u0130\u015fleri Ba\u015fkanl\u0131\u011f\u0131<\/a>\n<a href=\"https:\/\/xn--z-0ga.av.tr\/index.php\/tag\/ermeni-mezalimi\/\" class=\"tag-cloud-link tag-link-22 tag-link-position-11\" style=\"font-size: 10.763157894737pt;\" aria-label=\"Ermeni Mezalimi (5 \u00f6ge)\">Ermeni Mezalimi<\/a>\n<a href=\"https:\/\/xn--z-0ga.av.tr\/index.php\/tag\/halkcilik\/\" class=\"tag-cloud-link tag-link-24 tag-link-position-12\" style=\"font-size: 13.157894736842pt;\" aria-label=\"Halk\u00e7\u0131l\u0131k (10 \u00f6ge)\">Halk\u00e7\u0131l\u0131k<\/a>\n<a href=\"https:\/\/xn--z-0ga.av.tr\/index.php\/tag\/hukuk\/\" class=\"tag-cloud-link tag-link-14 tag-link-position-13\" style=\"font-size: 18.868421052632pt;\" aria-label=\"Hukuk (45 \u00f6ge)\">Hukuk<\/a>\n<a href=\"https:\/\/xn--z-0ga.av.tr\/index.php\/tag\/kemalin-askerleri\/\" class=\"tag-cloud-link tag-link-12 tag-link-position-14\" style=\"font-size: 13.157894736842pt;\" aria-label=\"Kemalin Askerleri (10 \u00f6ge)\">Kemalin Askerleri<\/a>\n<a href=\"https:\/\/xn--z-0ga.av.tr\/index.php\/tag\/kemalizm\/\" class=\"tag-cloud-link tag-link-23 tag-link-position-15\" style=\"font-size: 22pt;\" aria-label=\"Kemalizm (100 \u00f6ge)\">Kemalizm<\/a>\n<a href=\"https:\/\/xn--z-0ga.av.tr\/index.php\/tag\/laiklik\/\" class=\"tag-cloud-link tag-link-9 tag-link-position-16\" style=\"font-size: 17.486842105263pt;\" aria-label=\"Laiklik (31 \u00f6ge)\">Laiklik<\/a>\n<a href=\"https:\/\/xn--z-0ga.av.tr\/index.php\/tag\/megali-idea\/\" class=\"tag-cloud-link tag-link-21 tag-link-position-17\" style=\"font-size: 15.552631578947pt;\" aria-label=\"Megali \u0130dea (19 \u00f6ge)\">Megali \u0130dea<\/a>\n<a href=\"https:\/\/xn--z-0ga.av.tr\/index.php\/tag\/prof-dr-anil-cecen\/\" class=\"tag-cloud-link tag-link-51 tag-link-position-18\" style=\"font-size: 8pt;\" aria-label=\"Prof. Dr. An\u0131l \u00c7E\u00c7EN (2 \u00f6ge)\">Prof. Dr. An\u0131l \u00c7E\u00c7EN<\/a>\n<a href=\"https:\/\/xn--z-0ga.av.tr\/index.php\/tag\/ergun-aybars\/\" class=\"tag-cloud-link tag-link-43 tag-link-position-19\" style=\"font-size: 13.157894736842pt;\" aria-label=\"Prof. Dr. Erg\u00fcn AYBARS (10 \u00f6ge)\">Prof. Dr. Erg\u00fcn AYBARS<\/a>\n<a href=\"https:\/\/xn--z-0ga.av.tr\/index.php\/tag\/tarih\/\" class=\"tag-cloud-link tag-link-18 tag-link-position-20\" style=\"font-size: 18.868421052632pt;\" aria-label=\"Tarih (45 \u00f6ge)\">Tarih<\/a>\n<a href=\"https:\/\/xn--z-0ga.av.tr\/index.php\/tag\/turgut-ozakman\/\" class=\"tag-cloud-link tag-link-11 tag-link-position-21\" style=\"font-size: 10.026315789474pt;\" aria-label=\"Turgut \u00d6zakman (4 \u00f6ge)\">Turgut \u00d6zakman<\/a>\n<a href=\"https:\/\/xn--z-0ga.av.tr\/index.php\/tag\/turk-modernlesmesi\/\" class=\"tag-cloud-link tag-link-27 tag-link-position-22\" style=\"font-size: 15.736842105263pt;\" aria-label=\"T\u00fcrk Modernle\u015fmesi (20 \u00f6ge)\">T\u00fcrk Modernle\u015fmesi<\/a>\n<a href=\"https:\/\/xn--z-0ga.av.tr\/index.php\/tag\/turk-istiklal-harbi\/\" class=\"tag-cloud-link tag-link-54 tag-link-position-23\" style=\"font-size: 17.486842105263pt;\" aria-label=\"T\u00fcrk \u0130stiklal Harbi (31 \u00f6ge)\">T\u00fcrk \u0130stiklal Harbi<\/a>\n<a href=\"https:\/\/xn--z-0ga.av.tr\/index.php\/tag\/ulusculuk\/\" class=\"tag-cloud-link tag-link-40 tag-link-position-24\" style=\"font-size: 18.131578947368pt;\" aria-label=\"Ulus\u00e7uluk (37 \u00f6ge)\">Ulus\u00e7uluk<\/a>\n<a href=\"https:\/\/xn--z-0ga.av.tr\/index.php\/tag\/izmir\/\" class=\"tag-cloud-link tag-link-7 tag-link-position-25\" style=\"font-size: 15.921052631579pt;\" aria-label=\"\u0130zmir (21 \u00f6ge)\">\u0130zmir<\/a>\n<a href=\"https:\/\/xn--z-0ga.av.tr\/index.php\/tag\/izmirin-isgali\/\" class=\"tag-cloud-link tag-link-19 tag-link-position-26\" style=\"font-size: 14.447368421053pt;\" aria-label=\"\u0130zmir&#039;in \u0130\u015fgali (14 \u00f6ge)\">\u0130zmir&#039;in \u0130\u015fgali<\/a>\n<a href=\"https:\/\/xn--z-0ga.av.tr\/index.php\/tag\/izmir-barosu\/\" class=\"tag-cloud-link tag-link-41 tag-link-position-27\" style=\"font-size: 18.039473684211pt;\" aria-label=\"\u0130zmir Barosu (36 \u00f6ge)\">\u0130zmir Barosu<\/a><\/p>\n\n\n<div style=\"height:20px\" aria-hidden=\"true\" class=\"wp-block-spacer\"><\/div>\n\n\n\n<hr class=\"wp-block-separator has-alpha-channel-opacity\"\/>\n\n\n\n<div style=\"height:20px\" aria-hidden=\"true\" class=\"wp-block-spacer\"><\/div>\n\n\n\n<div class=\"wp-block-group alignfull has-text-color has-background\" style=\"color:#000000;background-color:#ffffff\"><div class=\"wp-block-group__inner-container is-layout-flow wp-block-group-is-layout-flow\">\n<h1 class=\"wp-block-heading has-text-align-center\" id=\"schedule-a-visit\" style=\"font-size:22px;line-height:1.15\">Di\u011fer Yaz\u0131lar \u0130\u00e7in<\/h1>\n\n\n\n<div class=\"wp-block-buttons is-horizontal is-content-justification-center is-layout-flex wp-container-core-buttons-is-layout-499968f5 wp-block-buttons-is-layout-flex\">\n<div class=\"wp-block-button has-custom-width wp-block-button__width-100 is-style-outline is-style-outline--1\" id=\"www.\u0130ST\u0130KLAL\u0130N-YOLU\"><a class=\"wp-block-button__link has-text-color has-background wp-element-button\" href=\"https:\/\/xn--z-0ga.av.tr\/index.php\/yazilar\/\" style=\"border-radius:87px;color:#ffffff;background:radial-gradient(rgb(20,53,72) 0%,rgb(148,34,34) 37%,rgb(155,81,224) 100%)\" target=\"_blank\" rel=\"noreferrer noopener\">T\u0131klay\u0131n\u0131z<\/a><\/div>\n<\/div>\n<\/div><\/div>\n\n\n\n<div style=\"height:20px\" aria-hidden=\"true\" class=\"wp-block-spacer\"><\/div>\n\n\n\n<hr class=\"wp-block-separator has-alpha-channel-opacity\"\/>\n\n\n\n<div style=\"height:40px\" aria-hidden=\"true\" class=\"wp-block-spacer\"><\/div>\n\n\n\n<div class=\"wp-block-columns is-layout-flex wp-container-core-columns-is-layout-9d6595d7 wp-block-columns-is-layout-flex\">\n<div class=\"wp-block-column is-layout-flow wp-block-column-is-layout-flow\" style=\"flex-basis:100%\">\n<div class=\"wp-block-group\"><div class=\"wp-block-group__inner-container is-layout-flow wp-block-group-is-layout-flow\"><\/div><\/div>\n<\/div>\n<\/div>\n\n\n\n<ul class=\"wp-block-social-links is-layout-flex wp-block-social-links-is-layout-flex\"><li class=\"wp-social-link wp-social-link-twitter  wp-block-social-link\"><a href=\"https:\/\/twitter.com\/avcemiloz?fbclid=IwAR2Win6tgQcRA01tejEqSg_nd42fS8Cpcs3ov3T6uI96QW96cQNNJ-xWrs8\" class=\"wp-block-social-link-anchor\"><svg width=\"24\" height=\"24\" viewBox=\"0 0 24 24\" version=\"1.1\" xmlns=\"http:\/\/www.w3.org\/2000\/svg\" aria-hidden=\"true\" focusable=\"false\"><path d=\"M22.23,5.924c-0.736,0.326-1.527,0.547-2.357,0.646c0.847-0.508,1.498-1.312,1.804-2.27 c-0.793,0.47-1.671,0.812-2.606,0.996C18.324,4.498,17.257,4,16.077,4c-2.266,0-4.103,1.837-4.103,4.103 c0,0.322,0.036,0.635,0.106,0.935C8.67,8.867,5.647,7.234,3.623,4.751C3.27,5.357,3.067,6.062,3.067,6.814 c0,1.424,0.724,2.679,1.825,3.415c-0.673-0.021-1.305-0.206-1.859-0.513c0,0.017,0,0.034,0,0.052c0,1.988,1.414,3.647,3.292,4.023 c-0.344,0.094-0.707,0.144-1.081,0.144c-0.264,0-0.521-0.026-0.772-0.074c0.522,1.63,2.038,2.816,3.833,2.85 c-1.404,1.1-3.174,1.756-5.096,1.756c-0.331,0-0.658-0.019-0.979-0.057c1.816,1.164,3.973,1.843,6.29,1.843 c7.547,0,11.675-6.252,11.675-11.675c0-0.178-0.004-0.355-0.012-0.531C20.985,7.47,21.68,6.747,22.23,5.924z\"><\/path><\/svg><span class=\"wp-block-social-link-label screen-reader-text\">Twitter<\/span><\/a><\/li>\n\n<li class=\"wp-social-link wp-social-link-facebook  wp-block-social-link\"><a href=\"https:\/\/www.facebook.com\/avcemiloz\" class=\"wp-block-social-link-anchor\"><svg width=\"24\" height=\"24\" viewBox=\"0 0 24 24\" version=\"1.1\" xmlns=\"http:\/\/www.w3.org\/2000\/svg\" aria-hidden=\"true\" focusable=\"false\"><path d=\"M12 2C6.5 2 2 6.5 2 12c0 5 3.7 9.1 8.4 9.9v-7H7.9V12h2.5V9.8c0-2.5 1.5-3.9 3.8-3.9 1.1 0 2.2.2 2.2.2v2.5h-1.3c-1.2 0-1.6.8-1.6 1.6V12h2.8l-.4 2.9h-2.3v7C18.3 21.1 22 17 22 12c0-5.5-4.5-10-10-10z\"><\/path><\/svg><span class=\"wp-block-social-link-label screen-reader-text\">Facebook<\/span><\/a><\/li>\n\n<li class=\"wp-social-link wp-social-link-instagram  wp-block-social-link\"><a href=\"https:\/\/www.instagram.com\/avcemiloz\/?fbclid=IwAR0GJvumtJk5j6Bv1SxuOiOlU9zNYInprkqp74E0t4Hd3EDm6MMB63hZX_4\" class=\"wp-block-social-link-anchor\"><svg width=\"24\" height=\"24\" viewBox=\"0 0 24 24\" version=\"1.1\" xmlns=\"http:\/\/www.w3.org\/2000\/svg\" aria-hidden=\"true\" focusable=\"false\"><path d=\"M12,4.622c2.403,0,2.688,0.009,3.637,0.052c0.877,0.04,1.354,0.187,1.671,0.31c0.42,0.163,0.72,0.358,1.035,0.673 c0.315,0.315,0.51,0.615,0.673,1.035c0.123,0.317,0.27,0.794,0.31,1.671c0.043,0.949,0.052,1.234,0.052,3.637 s-0.009,2.688-0.052,3.637c-0.04,0.877-0.187,1.354-0.31,1.671c-0.163,0.42-0.358,0.72-0.673,1.035 c-0.315,0.315-0.615,0.51-1.035,0.673c-0.317,0.123-0.794,0.27-1.671,0.31c-0.949,0.043-1.233,0.052-3.637,0.052 s-2.688-0.009-3.637-0.052c-0.877-0.04-1.354-0.187-1.671-0.31c-0.42-0.163-0.72-0.358-1.035-0.673 c-0.315-0.315-0.51-0.615-0.673-1.035c-0.123-0.317-0.27-0.794-0.31-1.671C4.631,14.688,4.622,14.403,4.622,12 s0.009-2.688,0.052-3.637c0.04-0.877,0.187-1.354,0.31-1.671c0.163-0.42,0.358-0.72,0.673-1.035 c0.315-0.315,0.615-0.51,1.035-0.673c0.317-0.123,0.794-0.27,1.671-0.31C9.312,4.631,9.597,4.622,12,4.622 M12,3 C9.556,3,9.249,3.01,8.289,3.054C7.331,3.098,6.677,3.25,6.105,3.472C5.513,3.702,5.011,4.01,4.511,4.511 c-0.5,0.5-0.808,1.002-1.038,1.594C3.25,6.677,3.098,7.331,3.054,8.289C3.01,9.249,3,9.556,3,12c0,2.444,0.01,2.751,0.054,3.711 c0.044,0.958,0.196,1.612,0.418,2.185c0.23,0.592,0.538,1.094,1.038,1.594c0.5,0.5,1.002,0.808,1.594,1.038 c0.572,0.222,1.227,0.375,2.185,0.418C9.249,20.99,9.556,21,12,21s2.751-0.01,3.711-0.054c0.958-0.044,1.612-0.196,2.185-0.418 c0.592-0.23,1.094-0.538,1.594-1.038c0.5-0.5,0.808-1.002,1.038-1.594c0.222-0.572,0.375-1.227,0.418-2.185 C20.99,14.751,21,14.444,21,12s-0.01-2.751-0.054-3.711c-0.044-0.958-0.196-1.612-0.418-2.185c-0.23-0.592-0.538-1.094-1.038-1.594 c-0.5-0.5-1.002-0.808-1.594-1.038c-0.572-0.222-1.227-0.375-2.185-0.418C14.751,3.01,14.444,3,12,3L12,3z M12,7.378 c-2.552,0-4.622,2.069-4.622,4.622S9.448,16.622,12,16.622s4.622-2.069,4.622-4.622S14.552,7.378,12,7.378z M12,15 c-1.657,0-3-1.343-3-3s1.343-3,3-3s3,1.343,3,3S13.657,15,12,15z M16.804,6.116c-0.596,0-1.08,0.484-1.08,1.08 s0.484,1.08,1.08,1.08c0.596,0,1.08-0.484,1.08-1.08S17.401,6.116,16.804,6.116z\"><\/path><\/svg><span class=\"wp-block-social-link-label screen-reader-text\">Instagram<\/span><\/a><\/li>\n\n<li class=\"wp-social-link wp-social-link-youtube  wp-block-social-link\"><a href=\"https:\/\/www.youtube.com\/channel\/UCaXVBKfXGeuuUI6k40UaY9A\" class=\"wp-block-social-link-anchor\"><svg width=\"24\" height=\"24\" viewBox=\"0 0 24 24\" version=\"1.1\" xmlns=\"http:\/\/www.w3.org\/2000\/svg\" aria-hidden=\"true\" focusable=\"false\"><path d=\"M21.8,8.001c0,0-0.195-1.378-0.795-1.985c-0.76-0.797-1.613-0.801-2.004-0.847c-2.799-0.202-6.997-0.202-6.997-0.202 h-0.009c0,0-4.198,0-6.997,0.202C4.608,5.216,3.756,5.22,2.995,6.016C2.395,6.623,2.2,8.001,2.2,8.001S2,9.62,2,11.238v1.517 c0,1.618,0.2,3.237,0.2,3.237s0.195,1.378,0.795,1.985c0.761,0.797,1.76,0.771,2.205,0.855c1.6,0.153,6.8,0.201,6.8,0.201 s4.203-0.006,7.001-0.209c0.391-0.047,1.243-0.051,2.004-0.847c0.6-0.607,0.795-1.985,0.795-1.985s0.2-1.618,0.2-3.237v-1.517 C22,9.62,21.8,8.001,21.8,8.001z M9.935,14.594l-0.001-5.62l5.404,2.82L9.935,14.594z\"><\/path><\/svg><span class=\"wp-block-social-link-label screen-reader-text\">YouTube<\/span><\/a><\/li><\/ul>\n\n\n\n<p><\/p>\n","protected":false},"excerpt":{"rendered":"<p>G\u00f6r\u00fc\u015f, \u00f6neri, dilek ve ele\u015ftirileriniz i\u00e7in Elektronik posta adresi : avcemiloz@gmail.com Di\u011fer Yaz\u0131lar \u0130\u00e7in<\/p>\n","protected":false},"author":1,"featured_media":1494,"parent":0,"menu_order":0,"comment_status":"closed","ping_status":"closed","template":"","meta":{"om_disable_all_campaigns":false,"_monsterinsights_skip_tracking":false,"_monsterinsights_sitenote_active":false,"_monsterinsights_sitenote_note":"","_monsterinsights_sitenote_category":0,"footnotes":""},"class_list":["post-16","page","type-page","status-publish","has-post-thumbnail","hentry"],"aioseo_notices":[],"jetpack_sharing_enabled":true,"_links":{"self":[{"href":"https:\/\/xn--z-0ga.av.tr\/index.php\/wp-json\/wp\/v2\/pages\/16","targetHints":{"allow":["GET"]}}],"collection":[{"href":"https:\/\/xn--z-0ga.av.tr\/index.php\/wp-json\/wp\/v2\/pages"}],"about":[{"href":"https:\/\/xn--z-0ga.av.tr\/index.php\/wp-json\/wp\/v2\/types\/page"}],"author":[{"embeddable":true,"href":"https:\/\/xn--z-0ga.av.tr\/index.php\/wp-json\/wp\/v2\/users\/1"}],"replies":[{"embeddable":true,"href":"https:\/\/xn--z-0ga.av.tr\/index.php\/wp-json\/wp\/v2\/comments?post=16"}],"version-history":[{"count":0,"href":"https:\/\/xn--z-0ga.av.tr\/index.php\/wp-json\/wp\/v2\/pages\/16\/revisions"}],"wp:featuredmedia":[{"embeddable":true,"href":"https:\/\/xn--z-0ga.av.tr\/index.php\/wp-json\/wp\/v2\/media\/1494"}],"wp:attachment":[{"href":"https:\/\/xn--z-0ga.av.tr\/index.php\/wp-json\/wp\/v2\/media?parent=16"}],"curies":[{"name":"wp","href":"https:\/\/api.w.org\/{rel}","templated":true}]}}